{"id":186,"date":"2024-08-05T15:39:49","date_gmt":"2024-08-05T20:39:49","guid":{"rendered":"https:\/\/iecapacitar.edu.co\/?page_id=186"},"modified":"2025-09-06T09:29:09","modified_gmt":"2025-09-06T14:29:09","slug":"inicio","status":"publish","type":"page","link":"https:\/\/iecapacitar.edu.co\/","title":{"rendered":"Inicio"},"content":{"rendered":"\t\t<div data-elementor-type=\"wp-page\" data-elementor-id=\"186\" class=\"elementor elementor-186\">\n\t\t\t\t\t\t<section class=\"elementor-section elementor-top-section elementor-element elementor-element-8ec607c elementor-section-full_width elementor-section-height-min-height elementor-section-items-top elementor-section-content-middle elementor-section-height-default\" data-id=\"8ec607c\" data-element_type=\"section\">\n\t\t\t\t\t\t<div class=\"elementor-container elementor-column-gap-no\">\n\t\t\t\t\t<div class=\"aux-parallax-section elementor-column elementor-col-100 elementor-top-column elementor-element elementor-element-3392f25\" data-id=\"3392f25\" data-element_type=\"column\">\n\t\t\t<div class=\"elementor-widget-wrap elementor-element-populated\">\n\t\t\t\t\t\t<div class=\"elementor-element elementor-element-3b6e65e elementor-widget elementor-widget-html\" data-id=\"3b6e65e\" data-element_type=\"widget\" data-widget_type=\"html.default\">\n\t\t\t\t<div class=\"elementor-widget-container\">\n\t\t\t\t\t<\/div>\n\t\t\t\t<\/div>\n\t\t\t\t\t<\/div>\n\t\t<\/div>\n\t\t\t\t\t<\/div>\n\t\t<\/section>\n\t\t\t\t<section class=\"elementor-section elementor-top-section elementor-element elementor-element-614a1a2 elementor-section-full_width elementor-section-height-default elementor-section-height-default\" data-id=\"614a1a2\" data-element_type=\"section\">\n\t\t\t\t\t\t<div class=\"elementor-container elementor-column-gap-default\">\n\t\t\t\t\t<div class=\"aux-parallax-section elementor-column elementor-col-66 elementor-top-column elementor-element elementor-element-a0c78ee\" data-id=\"a0c78ee\" data-element_type=\"column\">\n\t\t\t<div class=\"elementor-widget-wrap elementor-element-populated\">\n\t\t\t\t\t\t<div class=\"elementor-element elementor-element-cf8b35d elementor-widget elementor-widget-text-editor\" data-id=\"cf8b35d\" data-element_type=\"widget\" data-widget_type=\"text-editor.default\">\n\t\t\t\t<div class=\"elementor-widget-container\">\n\t\t\t\t\t\t\t<p><strong>Inscripciones<\/strong><\/p><p>Estamos encantados de que desees unirte a nuestra casa de estudios. La inscripci\u00f3n es el primer paso para formar parte de nuestra comunidad estudiantil. Recuerda&#8230; Al hacer clic en el bot\u00f3n &#8220;Inscr\u00edbete Ahora&#8221;, estar\u00e1s iniciando un emocionante viaje con nosotros.<\/p><h5><a href=\"http:\/\/portal.iecapacitar.edu.co\/matricula_enlinea\/\" target=\"_blank\" rel=\"noopener\"><strong>Inscr\u00edbete Ahora<\/strong><\/a><\/h5>\t\t\t\t\t\t<\/div>\n\t\t\t\t<\/div>\n\t\t\t\t\t<\/div>\n\t\t<\/div>\n\t\t\t\t<div class=\"aux-parallax-section elementor-column elementor-col-33 elementor-top-column elementor-element elementor-element-78d3900\" data-id=\"78d3900\" data-element_type=\"column\">\n\t\t\t<div class=\"elementor-widget-wrap elementor-element-populated\">\n\t\t\t\t\t\t<div class=\"elementor-element elementor-element-a40849c elementor-widget elementor-widget-image\" data-id=\"a40849c\" data-element_type=\"widget\" data-widget_type=\"image.default\">\n\t\t\t\t<div class=\"elementor-widget-container\">\n\t\t\t\t\t\t\t\t\t\t\t\t\t<img fetchpriority=\"high\" decoding=\"async\" width=\"724\" height=\"483\" src=\"https:\/\/iecapacitar.edu.co\/wp-content\/uploads\/2024\/08\/b-cta-1.jpg\" class=\"attachment-large size-large wp-image-20\" alt=\"\" srcset=\"https:\/\/iecapacitar.edu.co\/wp-content\/uploads\/2024\/08\/b-cta-1.jpg 724w, https:\/\/iecapacitar.edu.co\/wp-content\/uploads\/2024\/08\/b-cta-1-600x400.jpg 600w, https:\/\/iecapacitar.edu.co\/wp-content\/uploads\/2024\/08\/b-cta-1-300x200.jpg 300w\" sizes=\"(max-width: 724px) 100vw, 724px\" \/>\t\t\t\t\t\t\t\t\t\t\t\t\t<\/div>\n\t\t\t\t<\/div>\n\t\t\t\t\t<\/div>\n\t\t<\/div>\n\t\t\t\t\t<\/div>\n\t\t<\/section>\n\t\t\t\t<section class=\"elementor-section elementor-top-section elementor-element elementor-element-0792fcf elementor-section-full_width elementor-section-height-default elementor-section-height-default\" data-id=\"0792fcf\" data-element_type=\"section\">\n\t\t\t\t\t\t<div class=\"elementor-container elementor-column-gap-default\">\n\t\t\t\t\t<div class=\"aux-parallax-section elementor-column elementor-col-100 elementor-top-column elementor-element elementor-element-c57a7f9\" data-id=\"c57a7f9\" data-element_type=\"column\">\n\t\t\t<div class=\"elementor-widget-wrap elementor-element-populated\">\n\t\t\t\t\t\t<div class=\"elementor-element elementor-element-6a76d56 elementor-widget-divider--view-line elementor-widget elementor-widget-divider\" data-id=\"6a76d56\" data-element_type=\"widget\" data-widget_type=\"divider.default\">\n\t\t\t\t<div class=\"elementor-widget-container\">\n\t\t\t\t\t<div class=\"elementor-divider\">\n\t\t\t<span class=\"elementor-divider-separator\">\n\t\t\t\t\t\t<\/span>\n\t\t<\/div>\n\t\t\t\t<\/div>\n\t\t\t\t<\/div>\n\t\t\t\t\t<\/div>\n\t\t<\/div>\n\t\t\t\t\t<\/div>\n\t\t<\/section>\n\t\t\t\t<section class=\"elementor-section elementor-top-section elementor-element elementor-element-3798b1b elementor-section-boxed elementor-section-height-default elementor-section-height-default\" data-id=\"3798b1b\" data-element_type=\"section\">\n\t\t\t\t\t\t<div class=\"elementor-container elementor-column-gap-default\">\n\t\t\t\t\t<div class=\"aux-parallax-section elementor-column elementor-col-100 elementor-top-column elementor-element elementor-element-aab09f6\" data-id=\"aab09f6\" data-element_type=\"column\">\n\t\t\t<div class=\"elementor-widget-wrap elementor-element-populated\">\n\t\t\t\t\t\t<div class=\"elementor-element elementor-element-11449ce elementor-widget elementor-widget-html\" data-id=\"11449ce\" data-element_type=\"widget\" data-widget_type=\"html.default\">\n\t\t\t\t<div class=\"elementor-widget-container\">\n\t\t\t<iframe src=\"https:\/\/siis.net.co:8085\/publicidad_enlinea\/\" width=\"600\" height=\"800\" frameborder=\"0\" allowfullscreen><\/iframe>\t\t<\/div>\n\t\t\t\t<\/div>\n\t\t\t\t\t<\/div>\n\t\t<\/div>\n\t\t\t\t\t<\/div>\n\t\t<\/section>\n\t\t\t\t<section class=\"elementor-section elementor-top-section elementor-element elementor-element-cfd96eb elementor-section-full_width elementor-section-height-default elementor-section-height-default\" data-id=\"cfd96eb\" data-element_type=\"section\">\n\t\t\t\t\t\t<div class=\"elementor-container elementor-column-gap-default\">\n\t\t\t\t\t<div class=\"aux-parallax-section elementor-column elementor-col-100 elementor-top-column elementor-element elementor-element-2217828\" data-id=\"2217828\" data-element_type=\"column\">\n\t\t\t<div class=\"elementor-widget-wrap elementor-element-populated\">\n\t\t\t\t\t\t<div class=\"elementor-element elementor-element-7a32897 elementor-widget-divider--view-line elementor-widget elementor-widget-divider\" data-id=\"7a32897\" data-element_type=\"widget\" data-widget_type=\"divider.default\">\n\t\t\t\t<div class=\"elementor-widget-container\">\n\t\t\t\t\t<div class=\"elementor-divider\">\n\t\t\t<span class=\"elementor-divider-separator\">\n\t\t\t\t\t\t<\/span>\n\t\t<\/div>\n\t\t\t\t<\/div>\n\t\t\t\t<\/div>\n\t\t\t\t\t<\/div>\n\t\t<\/div>\n\t\t\t\t\t<\/div>\n\t\t<\/section>\n\t\t\t\t<section class=\"elementor-section elementor-top-section elementor-element elementor-element-d11fb18 elementor-section-full_width elementor-section-height-default elementor-section-height-default\" data-id=\"d11fb18\" data-element_type=\"section\">\n\t\t\t\t\t\t<div class=\"elementor-container elementor-column-gap-default\">\n\t\t\t\t\t<div class=\"aux-parallax-section elementor-column elementor-col-25 elementor-top-column elementor-element elementor-element-1800f9f\" data-id=\"1800f9f\" data-element_type=\"column\">\n\t\t\t<div class=\"elementor-widget-wrap elementor-element-populated\">\n\t\t\t\t\t\t<div class=\"elementor-element elementor-element-eaf253b elementor-widget elementor-widget-jw-animated-box\" data-id=\"eaf253b\" data-element_type=\"widget\" data-widget_type=\"jw-animated-box.default\">\n\t\t\t\t<div class=\"elementor-widget-container\">\n\t\t\t<div class=\"elementor-jw-animated-box jet-widgets\"><div class=\"jw-animated-box jw-box-effect-1\">\n\t<div class=\"jw-animated-box__front\">\n\t\t<div class=\"jw-animated-box__overlay\"><\/div>\n\t\t<div class=\"jw-animated-box__inner\">\n\t\t\t<div class=\"jw-animated-box__icon jw-animated-box__icon--front \"><div class=\"jw-animated-box-icon-inner\"><span class=\"jet-widgets-icon\"><i aria-hidden=\"true\" class=\"fas fa-graduation-cap\"><\/i><\/span><\/div><\/div>\t\t\t<div class=\"jw-animated-box__content\">\n\t\t\t<h3 class=\"jw-animated-box__title jw-animated-box__title--front\">Diplomados<\/h3><p class=\"jw-animated-box__description jw-animated-box__description--front\">Obt\u00e9n un conocimiento m\u00e1s profundo en tu campo con nuestros programas de diplomados<\/p>\t\t\t<\/div>\n\t\t<\/div>\n\t<\/div>\n\t<div class=\"jw-animated-box__back\">\n\t\t<div class=\"jw-animated-box__overlay\"><\/div>\n\t\t<div class=\"jw-animated-box__inner\">\n\t\t\t\t\t\t<div class=\"jw-animated-box__content\">\n\t\t\t<h3 class=\"jw-animated-box__title jw-animated-box__title--back\">Diplomados<\/h3><p class=\"jw-animated-box__description jw-animated-box__description--back\">Obt\u00e9n un conocimiento m\u00e1s profundo en tu campo con nuestros programas de diplomados<\/p><a class=\"elementor-button elementor-size-md jw-animated-box__button jw-animated-box__button--back jw-animated-box__button--icon-after\" href=\"#\"><span class=\"jw-animated-box__button-text\">Leer mas...<\/span><\/a>\n\t\t\t<\/div>\n\t\t<\/div>\n\t<\/div>\n<\/div>\n<\/div>\t\t<\/div>\n\t\t\t\t<\/div>\n\t\t\t\t\t<\/div>\n\t\t<\/div>\n\t\t\t\t<div class=\"aux-parallax-section elementor-column elementor-col-25 elementor-top-column elementor-element elementor-element-9d4c5fb\" data-id=\"9d4c5fb\" data-element_type=\"column\">\n\t\t\t<div class=\"elementor-widget-wrap elementor-element-populated\">\n\t\t\t\t\t\t<div class=\"elementor-element elementor-element-ba106ff elementor-widget elementor-widget-jw-animated-box\" data-id=\"ba106ff\" data-element_type=\"widget\" data-widget_type=\"jw-animated-box.default\">\n\t\t\t\t<div class=\"elementor-widget-container\">\n\t\t\t<div class=\"elementor-jw-animated-box jet-widgets\"><div class=\"jw-animated-box jw-box-effect-1\">\n\t<div class=\"jw-animated-box__front\">\n\t\t<div class=\"jw-animated-box__overlay\"><\/div>\n\t\t<div class=\"jw-animated-box__inner\">\n\t\t\t<div class=\"jw-animated-box__icon jw-animated-box__icon--front \"><div class=\"jw-animated-box-icon-inner\"><span class=\"jet-widgets-icon\"><i aria-hidden=\"true\" class=\"fas fa-bolt\"><\/i><\/span><\/div><\/div>\t\t\t<div class=\"jw-animated-box__content\">\n\t\t\t<h3 class=\"jw-animated-box__title jw-animated-box__title--front\">Cursos Cortos<\/h3><p class=\"jw-animated-box__description jw-animated-box__description--front\">Ampl\u00eda tus conocimientos en \u00e1reas espec\u00edficas con nuestros cursos cortos.<\/p>\t\t\t<\/div>\n\t\t<\/div>\n\t<\/div>\n\t<div class=\"jw-animated-box__back\">\n\t\t<div class=\"jw-animated-box__overlay\"><\/div>\n\t\t<div class=\"jw-animated-box__inner\">\n\t\t\t\t\t\t<div class=\"jw-animated-box__content\">\n\t\t\t<h3 class=\"jw-animated-box__title jw-animated-box__title--back\">Cursos Cortos<\/h3><p class=\"jw-animated-box__description jw-animated-box__description--back\">Ampl\u00eda tus conocimientos en \u00e1reas espec\u00edficas con nuestros cursos cortos.<\/p><a class=\"elementor-button elementor-size-md jw-animated-box__button jw-animated-box__button--back jw-animated-box__button--icon-after\" href=\"#\"><span class=\"jw-animated-box__button-text\">Leer mas...<\/span><\/a>\n\t\t\t<\/div>\n\t\t<\/div>\n\t<\/div>\n<\/div>\n<\/div>\t\t<\/div>\n\t\t\t\t<\/div>\n\t\t\t\t\t<\/div>\n\t\t<\/div>\n\t\t\t\t<div class=\"aux-parallax-section elementor-column elementor-col-25 elementor-top-column elementor-element elementor-element-6854c29\" data-id=\"6854c29\" data-element_type=\"column\">\n\t\t\t<div class=\"elementor-widget-wrap elementor-element-populated\">\n\t\t\t\t\t\t<div class=\"elementor-element elementor-element-93f7e4c elementor-widget elementor-widget-jw-animated-box\" data-id=\"93f7e4c\" data-element_type=\"widget\" data-widget_type=\"jw-animated-box.default\">\n\t\t\t\t<div class=\"elementor-widget-container\">\n\t\t\t<div class=\"elementor-jw-animated-box jet-widgets\"><div class=\"jw-animated-box jw-box-effect-1\">\n\t<div class=\"jw-animated-box__front\">\n\t\t<div class=\"jw-animated-box__overlay\"><\/div>\n\t\t<div class=\"jw-animated-box__inner\">\n\t\t\t<div class=\"jw-animated-box__icon jw-animated-box__icon--front \"><div class=\"jw-animated-box-icon-inner\"><span class=\"jet-widgets-icon\"><i aria-hidden=\"true\" class=\"fas fa-balance-scale\"><\/i><\/span><\/div><\/div>\t\t\t<div class=\"jw-animated-box__content\">\n\t\t\t<h3 class=\"jw-animated-box__title jw-animated-box__title--front\">Administraci\u00f3n y Derecho<\/h3><p class=\"jw-animated-box__description jw-animated-box__description--front\">Desarrolla tus habilidades en administraci\u00f3n y derecho con nuestros cursos especializados.<\/p>\t\t\t<\/div>\n\t\t<\/div>\n\t<\/div>\n\t<div class=\"jw-animated-box__back\">\n\t\t<div class=\"jw-animated-box__overlay\"><\/div>\n\t\t<div class=\"jw-animated-box__inner\">\n\t\t\t\t\t\t<div class=\"jw-animated-box__content\">\n\t\t\t<h3 class=\"jw-animated-box__title jw-animated-box__title--back\">Administraci\u00f3n Y Derecho<\/h3><p class=\"jw-animated-box__description jw-animated-box__description--back\">Desarrolla tus habilidades en administraci\u00f3n y derecho con nuestros cursos especializados.<\/p><a class=\"elementor-button elementor-size-md jw-animated-box__button jw-animated-box__button--back jw-animated-box__button--icon-after\" href=\"#\"><span class=\"jw-animated-box__button-text\">Leer mas...<\/span><\/a>\n\t\t\t<\/div>\n\t\t<\/div>\n\t<\/div>\n<\/div>\n<\/div>\t\t<\/div>\n\t\t\t\t<\/div>\n\t\t\t\t\t<\/div>\n\t\t<\/div>\n\t\t\t\t<div class=\"aux-parallax-section elementor-column elementor-col-25 elementor-top-column elementor-element elementor-element-b3b0778\" data-id=\"b3b0778\" data-element_type=\"column\">\n\t\t\t<div class=\"elementor-widget-wrap elementor-element-populated\">\n\t\t\t\t\t\t<div class=\"elementor-element elementor-element-3e42f57 elementor-widget elementor-widget-jw-animated-box\" data-id=\"3e42f57\" data-element_type=\"widget\" data-widget_type=\"jw-animated-box.default\">\n\t\t\t\t<div class=\"elementor-widget-container\">\n\t\t\t<div class=\"elementor-jw-animated-box jet-widgets\"><div class=\"jw-animated-box jw-box-effect-1\">\n\t<div class=\"jw-animated-box__front\">\n\t\t<div class=\"jw-animated-box__overlay\"><\/div>\n\t\t<div class=\"jw-animated-box__inner\">\n\t\t\t<div class=\"jw-animated-box__icon jw-animated-box__icon--front \"><div class=\"jw-animated-box-icon-inner\"><span class=\"jet-widgets-icon\"><i aria-hidden=\"true\" class=\"fas fa-stethoscope\"><\/i><\/span><\/div><\/div>\t\t\t<div class=\"jw-animated-box__content\">\n\t\t\t<h3 class=\"jw-animated-box__title jw-animated-box__title--front\">Escuela De Salud<\/h3><p class=\"jw-animated-box__description jw-animated-box__description--front\">Prep\u00e1rate para una carrera en el campo de la salud con nuestros cursos de formaci\u00f3n.<\/p>\t\t\t<\/div>\n\t\t<\/div>\n\t<\/div>\n\t<div class=\"jw-animated-box__back\">\n\t\t<div class=\"jw-animated-box__overlay\"><\/div>\n\t\t<div class=\"jw-animated-box__inner\">\n\t\t\t\t\t\t<div class=\"jw-animated-box__content\">\n\t\t\t<h3 class=\"jw-animated-box__title jw-animated-box__title--back\">Escuela De Salud<\/h3><p class=\"jw-animated-box__description jw-animated-box__description--back\">Prep\u00e1rate para una carrera en el campo de la salud con nuestros cursos de formaci\u00f3n.<\/p><a class=\"elementor-button elementor-size-md jw-animated-box__button jw-animated-box__button--back jw-animated-box__button--icon-after\" href=\"#\"><span class=\"jw-animated-box__button-text\">Leer mas...<\/span><\/a>\n\t\t\t<\/div>\n\t\t<\/div>\n\t<\/div>\n<\/div>\n<\/div>\t\t<\/div>\n\t\t\t\t<\/div>\n\t\t\t\t\t<\/div>\n\t\t<\/div>\n\t\t\t\t\t<\/div>\n\t\t<\/section>\n\t\t\t\t<section class=\"elementor-section elementor-top-section elementor-element elementor-element-3abadb7 elementor-section-full_width elementor-section-height-default elementor-section-height-default\" data-id=\"3abadb7\" data-element_type=\"section\">\n\t\t\t\t\t\t<div class=\"elementor-container elementor-column-gap-default\">\n\t\t\t\t\t<div class=\"aux-parallax-section elementor-column elementor-col-100 elementor-top-column elementor-element elementor-element-02ffde4\" data-id=\"02ffde4\" data-element_type=\"column\">\n\t\t\t<div class=\"elementor-widget-wrap elementor-element-populated\">\n\t\t\t\t\t\t<div class=\"elementor-element elementor-element-c003e14 elementor-widget-divider--view-line elementor-widget elementor-widget-divider\" data-id=\"c003e14\" data-element_type=\"widget\" data-widget_type=\"divider.default\">\n\t\t\t\t<div class=\"elementor-widget-container\">\n\t\t\t\t\t<div class=\"elementor-divider\">\n\t\t\t<span class=\"elementor-divider-separator\">\n\t\t\t\t\t\t<\/span>\n\t\t<\/div>\n\t\t\t\t<\/div>\n\t\t\t\t<\/div>\n\t\t\t\t\t<\/div>\n\t\t<\/div>\n\t\t\t\t\t<\/div>\n\t\t<\/section>\n\t\t\t\t<\/div>\n\t\t","protected":false},"excerpt":{"rendered":"<p>Inscripciones Estamos encantados de que desees unirte a nuestra casa de estudios. La inscripci\u00f3n es el primer paso para formar parte de nuestra comunidad estudiantil. Recuerda&#8230; Al hacer clic en el bot\u00f3n &#8220;Inscr\u00edbete Ahora&#8221;, estar\u00e1s iniciando un emocionante viaje con nosotros. Inscr\u00edbete Ahora Diplomados Obt\u00e9n un conocimiento m\u00e1s profundo en tu campo con nuestros programas [&hellip;]<\/p>\n","protected":false},"author":1,"featured_media":0,"parent":0,"menu_order":0,"comment_status":"closed","ping_status":"closed","template":"","meta":{"footnotes":""},"class_list":["post-186","page","type-page","status-publish","hentry"],"_links":{"self":[{"href":"https:\/\/iecapacitar.edu.co\/index.php\/wp-json\/wp\/v2\/pages\/186","targetHints":{"allow":["GET"]}}],"collection":[{"href":"https:\/\/iecapacitar.edu.co\/index.php\/wp-json\/wp\/v2\/pages"}],"about":[{"href":"https:\/\/iecapacitar.edu.co\/index.php\/wp-json\/wp\/v2\/types\/page"}],"author":[{"embeddable":true,"href":"https:\/\/iecapacitar.edu.co\/index.php\/wp-json\/wp\/v2\/users\/1"}],"replies":[{"embeddable":true,"href":"https:\/\/iecapacitar.edu.co\/index.php\/wp-json\/wp\/v2\/comments?post=186"}],"version-history":[{"count":214,"href":"https:\/\/iecapacitar.edu.co\/index.php\/wp-json\/wp\/v2\/pages\/186\/revisions"}],"predecessor-version":[{"id":793,"href":"https:\/\/iecapacitar.edu.co\/index.php\/wp-json\/wp\/v2\/pages\/186\/revisions\/793"}],"wp:attachment":[{"href":"https:\/\/iecapacitar.edu.co\/index.php\/wp-json\/wp\/v2\/media?parent=186"}],"curies":[{"name":"wp","href":"https:\/\/api.w.org\/{rel}","templated":true}]}}